{"id":2078,"date":"2022-10-02T11:08:17","date_gmt":"2022-10-02T08:08:17","guid":{"rendered":"https:\/\/www.teamtimeout.fi\/var-story\/"},"modified":"2024-01-02T10:14:41","modified_gmt":"2024-01-02T08:14:41","slug":"var-story","status":"publish","type":"page","link":"https:\/\/www.teamtimeout.fi\/sv\/var-story\/","title":{"rendered":"V\u00e5r story"},"content":{"rendered":"\t\t<div data-elementor-type=\"wp-page\" data-elementor-id=\"2078\" class=\"elementor elementor-2078\" data-elementor-settings=\"{&quot;ha_cmc_init_switcher&quot;:&quot;no&quot;}\">\n\t\t\t\t\t\t<section class=\"has_eae_slider elementor-section elementor-top-section elementor-element elementor-element-38d3ecd4 elementor-section-full_width elementor-section-content-middle elementor-reverse-mobile elementor-section-height-min-height elementor-section-items-stretch elementor-section-height-default\" data-eae-slider=\"65599\" data-id=\"38d3ecd4\" data-element_type=\"section\" data-e-type=\"section\" data-settings=\"{&quot;_ha_eqh_enable&quot;:false}\">\n\t\t\t\t\t\t<div class=\"elementor-container elementor-column-gap-no\">\n\t\t\t\t\t<div class=\"has_eae_slider elementor-column elementor-col-50 elementor-top-column elementor-element elementor-element-5c1b8bd\" data-eae-slider=\"99499\" data-id=\"5c1b8bd\" data-element_type=\"column\" data-e-type=\"column\">\n\t\t\t<div class=\"elementor-widget-wrap elementor-element-populated\">\n\t\t\t\t\t\t<div class=\"elementor-element elementor-element-7c84f47 elementor-widget elementor-widget-image\" data-id=\"7c84f47\" data-element_type=\"widget\" data-e-type=\"widget\" data-widget_type=\"image.default\">\n\t\t\t\t\t\t\t\t\t\t\t\t\t\t\t<img fetchpriority=\"high\" decoding=\"async\" width=\"800\" height=\"534\" src=\"https:\/\/www.teamtimeout.fi\/wp-content\/uploads\/2022\/12\/Y5A9357-2-1-1024x683.jpg\" class=\"attachment-large size-large wp-image-1359\" alt=\"\" srcset=\"https:\/\/www.teamtimeout.fi\/wp-content\/uploads\/2022\/12\/Y5A9357-2-1-1024x683.jpg 1024w, https:\/\/www.teamtimeout.fi\/wp-content\/uploads\/2022\/12\/Y5A9357-2-1-300x200.jpg 300w, https:\/\/www.teamtimeout.fi\/wp-content\/uploads\/2022\/12\/Y5A9357-2-1-768x512.jpg 768w, https:\/\/www.teamtimeout.fi\/wp-content\/uploads\/2022\/12\/Y5A9357-2-1-1536x1024.jpg 1536w, https:\/\/www.teamtimeout.fi\/wp-content\/uploads\/2022\/12\/Y5A9357-2-1-2048x1366.jpg 2048w\" sizes=\"(max-width: 800px) 100vw, 800px\" \/>\t\t\t\t\t\t\t\t\t\t\t\t\t\t\t<\/div>\n\t\t\t\t\t<\/div>\n\t\t<\/div>\n\t\t\t\t<div class=\"has_eae_slider elementor-column elementor-col-50 elementor-top-column elementor-element elementor-element-7d078919\" data-eae-slider=\"30041\" data-id=\"7d078919\" data-element_type=\"column\" data-e-type=\"column\">\n\t\t\t<div class=\"elementor-widget-wrap elementor-element-populated\">\n\t\t\t\t\t\t<div class=\"elementor-element elementor-element-315749ff elementor-widget elementor-widget-heading\" data-id=\"315749ff\" data-element_type=\"widget\" data-e-type=\"widget\" data-widget_type=\"heading.default\">\n\t\t\t\t\t<h6 class=\"elementor-heading-title elementor-size-default\">V\u00c5R STORY<\/h6>\t\t\t\t<\/div>\n\t\t\t\t<div class=\"elementor-element elementor-element-50e92340 elementor-invisible elementor-widget elementor-widget-heading\" data-id=\"50e92340\" data-element_type=\"widget\" data-e-type=\"widget\" data-settings=\"{&quot;_animation&quot;:&quot;fadeIn&quot;}\" data-widget_type=\"heading.default\">\n\t\t\t\t\t<h2 class=\"elementor-heading-title elementor-size-default\">STARKA TILLSAMMANS<\/h2>\t\t\t\t<\/div>\n\t\t\t\t<div class=\"elementor-element elementor-element-6faab4b8 elementor-invisible elementor-widget elementor-widget-text-editor\" data-id=\"6faab4b8\" data-element_type=\"widget\" data-e-type=\"widget\" data-settings=\"{&quot;_animation&quot;:&quot;fadeIn&quot;,&quot;_animation_delay&quot;:400}\" data-widget_type=\"text-editor.default\">\n\t\t\t\t\t\t\t\t\t<p style=\"font-weight: 400;\"><span style=\"font-weight: 400;\">Egenskaperna och personlighetsprofilerna hos Team TimeOut entrepren\u00f6rsduo kompletterar varandra v\u00e4l. De har olika styrkor och perspektiv p\u00e5 olika omr\u00e5den, men en gemensam och s\u00e4ker v\u00e4rdebas f\u00f6r aff\u00e4rsverksamheten.<\/span><\/p>\n<p style=\"font-weight: 400;\">\n\t\t\t\t\t\t\t\t<\/div>\n\t\t\t\t\t<\/div>\n\t\t<\/div>\n\t\t\t\t\t<\/div>\n\t\t<\/section>\n\t\t\t\t<section class=\"has_eae_slider elementor-section elementor-top-section elementor-element elementor-element-7de988d elementor-section-boxed elementor-section-height-default elementor-section-height-default\" data-eae-slider=\"14764\" data-id=\"7de988d\" data-element_type=\"section\" data-e-type=\"section\" data-settings=\"{&quot;_ha_eqh_enable&quot;:false}\">\n\t\t\t\t\t\t<div class=\"elementor-container elementor-column-gap-default\">\n\t\t\t\t\t<div class=\"has_eae_slider elementor-column elementor-col-100 elementor-top-column elementor-element elementor-element-b901375\" data-eae-slider=\"37818\" data-id=\"b901375\" data-element_type=\"column\" data-e-type=\"column\">\n\t\t\t<div class=\"elementor-widget-wrap elementor-element-populated\">\n\t\t\t\t\t\t<div class=\"elementor-element elementor-element-479ecb3 elementor-widget elementor-widget-heading\" data-id=\"479ecb3\" data-element_type=\"widget\" data-e-type=\"widget\" data-widget_type=\"heading.default\">\n\t\t\t\t\t<h2 class=\"elementor-heading-title elementor-size-default\">F\u00f6respr\u00e5kare f\u00f6r ett h\u00e5llbart arbetsliv<\/h2>\t\t\t\t<\/div>\n\t\t\t\t<div class=\"elementor-element elementor-element-c2722e1 elementor-widget__width-initial elementor-invisible elementor-widget elementor-widget-text-editor\" data-id=\"c2722e1\" data-element_type=\"widget\" data-e-type=\"widget\" data-settings=\"{&quot;_animation&quot;:&quot;fadeIn&quot;,&quot;_animation_delay&quot;:400}\" data-widget_type=\"text-editor.default\">\n\t\t\t\t\t\t\t\t\t<p>Ibland i livet \u00e4r det n\u00f6dv\u00e4ndigt att ta en paus, en traditionell timeout. I b\u00e4sta fall erbjuder stunden f\u00f6r stannandet en meningsfull lektion s\u00e5 att visaren inte \u00e5ter sjunker till det alarmerande r\u00f6da. I slut\u00e4ndan kan ett totalstopp till och med leda till gemensamt f\u00f6retagande.<\/p>\n<p>Det var vad som h\u00e4nde oss 2019, och det var s\u00e5 historien om Team TimeOut b\u00f6rjade.&nbsp;<\/p><p>I livet intr\u00e4ffar ibland of\u00f6rutsedda h\u00e4ndelser. D\u00e5 beh\u00f6ver du resurser f\u00f6r att hantera ov\u00e4ntade situationer och utmaningar f\u00f6r att kunna \u00e5terh\u00e4mta dig. Erfarenheten har l\u00e4rt oss att endast v\u00e4gen f\u00f6r h\u00e5llbar produktivitet \u00f6ppnar d\u00f6rrarna till ett balanserat arbetsliv.<\/p>\n<p>Vi tror att arbetsgemenskapens styrka bygger p\u00e5 individer. Du m\u00e5ste ta hand om dig sj\u00e4lv f\u00f6rst, s\u00e5 att du ocks\u00e5 kan erbjuda ditt st\u00f6d till andra. En v\u00e4lm\u00e5ende individ \u00e4r h\u00f6rnstenen i varje organisation. D\u00e4rf\u00f6r genomf\u00f6r vi v\u00e5r coachande rekrytering med m\u00e5ls\u00e4ttning att n\u00e5 en h\u00e5llbar prestation.<\/p>\n<p><b>&nbsp;<\/b><\/p>\n<p><b>Sparring, coaching och human rekrytering<\/b><\/p>\n<p>Vi har en gedigen erfarenhetsbaserad kunskap om vart dagens arbetsliv \u00e4r p\u00e5 v\u00e4g. Vi har utf\u00f6rt individ- och arbetsgemenskapsbaserade personalunders\u00f6kningar samt rekryteringar av sakkunniga f\u00f6r f\u00f6retag inom olika branscher och offentliga organisationer.<\/p>\n<p>Detta har gett ett tv\u00e4rsnitt av finl\u00e4ndskt arbetsliv. D\u00e4rf\u00f6r kan vi skr\u00e4ddarsy r\u00e4tt typ av service f\u00f6r r\u00e4tt kund.<\/p>\n<p>Grunden \u00e4r en framg\u00e5ngsrik rekrytering, som tar h\u00e4nsyn till individens potential och samtidigt st\u00f6ttar arbetsteamet. Dragningskrafts- och h\u00e5llbarhetsfaktorer s\u00e4kerst\u00e4ller att m\u00e5ls\u00e4ttningar uppn\u00e5s p\u00e5 kort och l\u00e5ng sikt. R\u00f6relsevinst och ett positivt resultat \u00e4r bara biprodukter av h\u00e5llbar produktivitet.<\/p>\n<p>En h\u00e5llbar utveckling av arbetslivet \u00e4r ett grundl\u00e4ggande element som vi v\u00e4rdes\u00e4tter h\u00f6gt. D\u00e4rf\u00f6r utf\u00f6r vi f\u00f6rsta hand rekryteringsuppdrag eller v\u00e4ljer coachingmetoder som vi tror p\u00e5 och som vi \u00e4rligt och \u00f6ppet kan st\u00e5 bakom.<\/p>\n<p><b>&nbsp;<\/b><\/p>\n<p><b>\u00c4rligt mod bygger meningsfulla kundrelationer<\/b><\/p>\n<p><span style=\"letter-spacing: 0px; background-color: var( --e-global-color-c696dce );\">Av oss tv\u00e5 \u00e4r Jarno den impulsiva akt\u00f6ren som \u00e4r snabb i sina r\u00f6relser. Han g\u00e5r inte runt och v\u00e4ntar p\u00e5 b\u00e4ttre v\u00e4der, utan s\u00e4tter ig\u00e5ng saker direkt. Lasse \u00e5 sin sida beaktar olika perspektiv och \u00f6verv\u00e4ger besluten noga. Han s\u00e4kerst\u00e4ller att kvaliteten bibeh\u00e5lls \u00e4nda fram till m\u00e5l.<\/span><\/p>\n<p>Team TimeOut kombinerar v\u00e5ra b\u00e4sta egenskaper, v\u00e5ra m\u00e5ngsidiga kompetensomr\u00e5den och v\u00e5ra rika livserfarenheter. Vi \u00e4r inga monotona kopior av varandra, utan motsatserna kompletterar oss precis lagom. Klyschigt men sant: tillsammans \u00e4r vi mer \u00e4n 1+1.<\/p>\n<p>\u00c4rlighet, mod och flexibilitet st\u00f6djer oss som entrepren\u00f6rer. Vid behov kliver vi in i \u201dfearzonen\u201d och lyfter fram saker p\u00e5 bordet som andra inte n\u00f6dv\u00e4ndigtvis skulle v\u00e5ga.<\/p>\n<p>360-t\u00e4nkande v\u00e4gleder allt vi g\u00f6r inom b\u00e5de coaching och rekrytering. N\u00e4r vi sparrar v\u00e5ra kunder lyssnar vi p\u00e5 deras behov och \u00f6nskem\u00e5l med ett lyh\u00f6rt \u00f6ra. Vi \u201dpushar\u201d inte igenom beslut f\u00f6rhastat utan vi har alltid tid att lyssna p\u00e5 kundens behov. Vi uppmuntrar och st\u00f6ttar, samt utmanar \u00e4ven p\u00e5 ett positivt s\u00e4tt.<\/p>\n<p><b>&nbsp;<\/b><\/p>\n<p><b>V\u00e5rt eget v\u00e4lm\u00e5ende garanterar en h\u00e5llbar och genomt\u00e4nkt tillv\u00e4xt<\/b><\/p>\n<p>S\u00e5 hur tar vi hand om v\u00e5rt eget v\u00e4lm\u00e5ende och v\u00e5r egen uth\u00e5llighet? Att skilja arbete och fritid \u00e5t \u00e4r k\u00e4rnan i allt. V\u00e5rt ansvar \u00e4r att vi investerar ordentligt i v\u00e5r egen \u00e5terh\u00e4mtning, som motvikt till arbetsprestationen. D\u00e4r \u00e4r grundelement f\u00f6r Team TimeOut.<\/p>\n<p>Och vem skulle uppvisa h\u00e5llbar prestanda f\u00f6r v\u00e5ra kunder, om inte vi sj\u00e4lva?<\/p>\n<p>F\u00f6r Lasse uppv\u00e4gs arbetet av m\u00e5ngsidigt stugliv i sk\u00e4rg\u00e5rden som bl.a. hobbysnickare. Han tycker om att g\u00e5 med hunden ut i naturen. Jarno, \u00e5 andra sidan, beger sig ut p\u00e5 en jogging eller cykeltur. Ibland packar han sin ryggs\u00e4ck f\u00f6r en vildmarksvandring eller ett stads\u00e4ventyr.<\/p>\n<p>Vi \u00e4r ut\u00e5t sett motparter med samtidigt st\u00f6der vi varandra s\u00e5 att arbetslivets belastningniv\u00e5 f\u00f6rblir balanserad. Vi gl\u00e4ds \u00f6ver varandras framg\u00e5ngar. Vi litar p\u00e5 att h\u00e5llbar, genomt\u00e4nkt och planerad tillv\u00e4xt kommer att b\u00e4ra frukt. Vi str\u00e4var efter att st\u00e4ndigt utvecklas b\u00e5de som individer och som f\u00f6retagare.<\/p>\n<p>Vi vill uppmuntra alla att g\u00f6ra detsamma. D\u00e4rf\u00f6r inbjuder vi \u00e4ven dig att f\u00f6lja med oss \u200b\u200bp\u00e5 v\u00e4gen mot h\u00e5llbar produktivitet!<\/p>\n<p>Grundarna av Team TimeOut<\/p>\n<p>Lasse &amp; Jarno<\/p>\t\t\t\t\t\t\t\t<\/div>\n\t\t\t\t\t<\/div>\n\t\t<\/div>\n\t\t\t\t\t<\/div>\n\t\t<\/section>\n\t\t\t\t<section class=\"has_eae_slider elementor-section elementor-top-section elementor-element elementor-element-24ed30da elementor-section-height-min-height elementor-section-boxed elementor-section-height-default elementor-section-items-middle\" data-eae-slider=\"54935\" data-id=\"24ed30da\" data-element_type=\"section\" data-e-type=\"section\" data-settings=\"{&quot;background_background&quot;:&quot;classic&quot;,&quot;_ha_eqh_enable&quot;:false}\">\n\t\t\t\t\t\t\t<div class=\"elementor-background-overlay\"><\/div>\n\t\t\t\t\t\t\t<div class=\"elementor-container elementor-column-gap-no\">\n\t\t\t\t\t<div class=\"has_eae_slider elementor-column elementor-col-100 elementor-top-column elementor-element elementor-element-7524e375\" data-eae-slider=\"30584\" data-id=\"7524e375\" data-element_type=\"column\" data-e-type=\"column\">\n\t\t\t<div class=\"elementor-widget-wrap elementor-element-populated\">\n\t\t\t\t\t\t<div class=\"elementor-element elementor-element-13d6658d elementor-invisible elementor-widget elementor-widget-heading\" data-id=\"13d6658d\" data-element_type=\"widget\" data-e-type=\"widget\" data-settings=\"{&quot;_animation&quot;:&quot;fadeIn&quot;}\" data-widget_type=\"heading.default\">\n\t\t\t\t\t<h2 class=\"elementor-heading-title elementor-size-default\">Tillsammans mot h\u00e5llbar produktivitet<\/h2>\t\t\t\t<\/div>\n\t\t\t\t<div class=\"elementor-element elementor-element-7627d25f elementor-align-left elementor-mobile-align-center elementor-tablet-align-center elementor-invisible elementor-widget elementor-widget-button\" data-id=\"7627d25f\" data-element_type=\"widget\" data-e-type=\"widget\" data-settings=\"{&quot;_animation&quot;:&quot;fadeIn&quot;,&quot;_animation_delay&quot;:400}\" data-widget_type=\"button.default\">\n\t\t\t\t\t\t\t\t\t\t<a class=\"elementor-button elementor-button-link elementor-size-sm\" href=\"https:\/\/www.teamtimeout.fi\/ota-yhteytta\/\">\n\t\t\t\t\t\t<span class=\"elementor-button-content-wrapper\">\n\t\t\t\t\t\t\t\t\t<span class=\"elementor-button-text\">Beg\u00e4r offert<\/span>\n\t\t\t\t\t<\/span>\n\t\t\t\t\t<\/a>\n\t\t\t\t\t\t\t\t<\/div>\n\t\t\t\t\t<\/div>\n\t\t<\/div>\n\t\t\t\t\t<\/div>\n\t\t<\/section>\n\t\t\t\t<section class=\"has_eae_slider elementor-section elementor-top-section elementor-element elementor-element-ea7a9f8 elementor-section-height-min-height elementor-section-content-middle elementor-section-boxed elementor-section-height-default elementor-section-items-middle\" data-eae-slider=\"22969\" data-id=\"ea7a9f8\" data-element_type=\"section\" data-e-type=\"section\" data-settings=\"{&quot;background_background&quot;:&quot;classic&quot;,&quot;_ha_eqh_enable&quot;:false}\">\n\t\t\t\t\t\t\t<div class=\"elementor-background-overlay\"><\/div>\n\t\t\t\t\t\t\t<div class=\"elementor-container elementor-column-gap-default\">\n\t\t\t\t\t<div class=\"has_eae_slider elementor-column elementor-col-100 elementor-top-column elementor-element elementor-element-6699e3b\" data-eae-slider=\"46964\" data-id=\"6699e3b\" data-element_type=\"column\" data-e-type=\"column\">\n\t\t\t<div class=\"elementor-widget-wrap elementor-element-populated\">\n\t\t\t\t\t\t<section class=\"has_eae_slider elementor-section elementor-inner-section elementor-element elementor-element-5e0d01a elementor-section-boxed elementor-section-height-default elementor-section-height-default\" data-eae-slider=\"69327\" data-id=\"5e0d01a\" data-element_type=\"section\" data-e-type=\"section\" data-settings=\"{&quot;_ha_eqh_enable&quot;:false}\">\n\t\t\t\t\t\t<div class=\"elementor-container elementor-column-gap-default\">\n\t\t\t\t\t<div class=\"has_eae_slider elementor-column elementor-col-25 elementor-inner-column elementor-element elementor-element-5b3a14c\" data-eae-slider=\"81682\" data-id=\"5b3a14c\" data-element_type=\"column\" data-e-type=\"column\">\n\t\t\t<div class=\"elementor-widget-wrap elementor-element-populated\">\n\t\t\t\t\t\t<div class=\"elementor-element elementor-element-fec67ff elementor-widget elementor-widget-heading\" data-id=\"fec67ff\" data-element_type=\"widget\" data-e-type=\"widget\" data-widget_type=\"heading.default\">\n\t\t\t\t\t<h2 class=\"elementor-heading-title elementor-size-default\">Team TimeOut Oy Ab\n\n<\/h2>\t\t\t\t<\/div>\n\t\t\t\t<div class=\"elementor-element elementor-element-ca9c08d elementor-widget elementor-widget-text-editor\" data-id=\"ca9c08d\" data-element_type=\"widget\" data-e-type=\"widget\" data-widget_type=\"text-editor.default\">\n\t\t\t\t\t\t\t\t\t<p><strong> <\/strong><\/p>\n<p><strong>FO-nummer: <span style=\"font-style: var( --e-global-typography-text-font-style ); font-weight: var( --e-global-typography-text-font-weight ); letter-spacing: var( --e-global-typography-text-letter-spacing ); text-transform: var( --e-global-typography-text-text-transform );\">3019500-5<\/span><\/strong><\/p>\n\t\t\t\t\t\t\t\t<\/div>\n\t\t\t\t\t<\/div>\n\t\t<\/div>\n\t\t\t\t<div class=\"has_eae_slider elementor-column elementor-col-25 elementor-inner-column elementor-element elementor-element-6f70b8b\" data-eae-slider=\"90591\" data-id=\"6f70b8b\" data-element_type=\"column\" data-e-type=\"column\">\n\t\t\t<div class=\"elementor-widget-wrap elementor-element-populated\">\n\t\t\t\t\t\t<div class=\"elementor-element elementor-element-9c9b307 elementor-widget elementor-widget-heading\" data-id=\"9c9b307\" data-element_type=\"widget\" data-e-type=\"widget\" data-widget_type=\"heading.default\">\n\t\t\t\t\t<h2 class=\"elementor-heading-title elementor-size-default\">Ta kontakt<\/h2>\t\t\t\t<\/div>\n\t\t\t\t<div class=\"elementor-element elementor-element-08e6d5f elementor-widget elementor-widget-text-editor\" data-id=\"08e6d5f\" data-element_type=\"widget\" data-e-type=\"widget\" data-widget_type=\"text-editor.default\">\n\t\t\t\t\t\t\t\t\t<\/p>\n<p><strong>Jarno Dahl <\/strong><\/p>\n<p><strong>040 182 9228<\/strong><\/p>\n<p><a href=\"mailto:jarno@teamtimeout.fi\">jarno@teamtimeout.fi <\/a><\/p><\/p>\n\t\t\t\t\t\t\t\t<\/div>\n\t\t\t\t<div class=\"elementor-element elementor-element-1fb5ed1 elementor-widget elementor-widget-heading\" data-id=\"1fb5ed1\" data-element_type=\"widget\" data-e-type=\"widget\" data-widget_type=\"heading.default\">\n\t\t\t\t\t<h2 class=\"elementor-heading-title elementor-size-default\">Ta kontakt<\/h2>\t\t\t\t<\/div>\n\t\t\t\t<div class=\"elementor-element elementor-element-b9edbb5 elementor-widget elementor-widget-text-editor\" data-id=\"b9edbb5\" data-element_type=\"widget\" data-e-type=\"widget\" data-widget_type=\"text-editor.default\">\n\t\t\t\t\t\t\t\t\t<p><span style=\"font-weight: bolder;\"> <\/span><\/p>\n<p><span style=\"font-weight: bolder;\">Lasse Norrg\u00e5rd<\/span><\/p>\n<p><span style=\"font-weight: bolder;\">044 550 8503<\/span><\/p>\n<p><a href=\"mailto:lasse@teamtimeout.fi\">lasse@teamtimeout.fi <\/a><\/p>\n\t\t\t\t\t\t\t\t<\/div>\n\t\t\t\t\t<\/div>\n\t\t<\/div>\n\t\t\t\t<div class=\"has_eae_slider elementor-column elementor-col-25 elementor-inner-column elementor-element elementor-element-fbca2ab\" data-eae-slider=\"45523\" data-id=\"fbca2ab\" data-element_type=\"column\" data-e-type=\"column\">\n\t\t\t<div class=\"elementor-widget-wrap elementor-element-populated\">\n\t\t\t\t\t\t<div class=\"elementor-element elementor-element-12c1a0a elementor-widget elementor-widget-heading\" data-id=\"12c1a0a\" data-element_type=\"widget\" data-e-type=\"widget\" data-widget_type=\"heading.default\">\n\t\t\t\t\t<h2 class=\"elementor-heading-title elementor-size-default\">Faktureringsuppgifter<\/h2>\t\t\t\t<\/div>\n\t\t\t\t<div class=\"elementor-element elementor-element-16a813f elementor-widget elementor-widget-text-editor\" data-id=\"16a813f\" data-element_type=\"widget\" data-e-type=\"widget\" data-widget_type=\"text-editor.default\">\n\t\t\t\t\t\t\t\t\t<p>\u00a0<\/p><p style=\"font-weight: 400;\"><strong>Adress f\u00f6r e-faktura<\/strong><\/p><p>003730195005<\/p><p style=\"font-weight: 400;\"><strong>e-faktura operat\u00f6r<\/strong><\/p><p style=\"font-weight: 400;\">003708599126 (OpenText)<\/p><p style=\"font-weight: 400;\"><strong>Adress f\u00f6r brevpost:<\/strong><\/p><p style=\"font-weight: 400;\">Alf\u00e5gelv\u00e4gen 5, 65320 Vaasa<\/p>\t\t\t\t\t\t\t\t<\/div>\n\t\t\t\t\t<\/div>\n\t\t<\/div>\n\t\t\t\t<div class=\"has_eae_slider elementor-column elementor-col-25 elementor-inner-column elementor-element elementor-element-f467d5e\" data-eae-slider=\"29084\" data-id=\"f467d5e\" data-element_type=\"column\" data-e-type=\"column\">\n\t\t\t<div class=\"elementor-widget-wrap elementor-element-populated\">\n\t\t\t\t\t\t<div class=\"elementor-element elementor-element-58a8d57 elementor-widget elementor-widget-heading\" data-id=\"58a8d57\" data-element_type=\"widget\" data-e-type=\"widget\" data-widget_type=\"heading.default\">\n\t\t\t\t\t<h2 class=\"elementor-heading-title elementor-size-default\">F\u00f6lj oss<br><br>\n\n<\/h2>\t\t\t\t<\/div>\n\t\t\t\t<div class=\"elementor-element elementor-element-d50aa8b elementor-shape-circle e-grid-align-left elementor-grid-0 elementor-widget elementor-widget-social-icons\" data-id=\"d50aa8b\" data-element_type=\"widget\" data-e-type=\"widget\" data-widget_type=\"social-icons.default\">\n\t\t\t\t\t\t\t<div class=\"elementor-social-icons-wrapper elementor-grid\" role=\"list\">\n\t\t\t\t\t\t\t<span class=\"elementor-grid-item\" role=\"listitem\">\n\t\t\t\t\t<a class=\"elementor-icon elementor-social-icon elementor-social-icon-linkedin elementor-repeater-item-f54bdbb\" href=\"https:\/\/www.linkedin.com\/company\/team-timeout\/\" target=\"_blank\">\n\t\t\t\t\t\t<span class=\"elementor-screen-only\">Linkedin<\/span>\n\t\t\t\t\t\t<svg aria-hidden=\"true\" class=\"e-font-icon-svg e-fab-linkedin\" viewBox=\"0 0 448 512\" xmlns=\"http:\/\/www.w3.org\/2000\/svg\"><path d=\"M416 32H31.9C14.3 32 0 46.5 0 64.3v383.4C0 465.5 14.3 480 31.9 480H416c17.6 0 32-14.5 32-32.3V64.3c0-17.8-14.4-32.3-32-32.3zM135.4 416H69V202.2h66.5V416zm-33.2-243c-21.3 0-38.5-17.3-38.5-38.5S80.9 96 102.2 96c21.2 0 38.5 17.3 38.5 38.5 0 21.3-17.2 38.5-38.5 38.5zm282.1 243h-66.4V312c0-24.8-.5-56.7-34.5-56.7-34.6 0-39.9 27-39.9 54.9V416h-66.4V202.2h63.7v29.2h.9c8.9-16.8 30.6-34.5 62.9-34.5 67.2 0 79.7 44.3 79.7 101.9V416z\"><\/path><\/svg>\t\t\t\t\t<\/a>\n\t\t\t\t<\/span>\n\t\t\t\t\t\t\t<span class=\"elementor-grid-item\" role=\"listitem\">\n\t\t\t\t\t<a class=\"elementor-icon elementor-social-icon elementor-social-icon-facebook elementor-repeater-item-ae880e4\" href=\"https:\/\/www.facebook.com\/timeoutvalmennus.fi\/\" target=\"_blank\">\n\t\t\t\t\t\t<span class=\"elementor-screen-only\">Facebook<\/span>\n\t\t\t\t\t\t<svg aria-hidden=\"true\" class=\"e-font-icon-svg e-fab-facebook\" viewBox=\"0 0 512 512\" xmlns=\"http:\/\/www.w3.org\/2000\/svg\"><path d=\"M504 256C504 119 393 8 256 8S8 119 8 256c0 123.78 90.69 226.38 209.25 245V327.69h-63V256h63v-54.64c0-62.15 37-96.48 93.67-96.48 27.14 0 55.52 4.84 55.52 4.84v61h-31.28c-30.8 0-40.41 19.12-40.41 38.73V256h68.78l-11 71.69h-57.78V501C413.31 482.38 504 379.78 504 256z\"><\/path><\/svg>\t\t\t\t\t<\/a>\n\t\t\t\t<\/span>\n\t\t\t\t\t<\/div>\n\t\t\t\t\t\t<\/div>\n\t\t\t\t\t<\/div>\n\t\t<\/div>\n\t\t\t\t\t<\/div>\n\t\t<\/section>\n\t\t\t\t\t<\/div>\n\t\t<\/div>\n\t\t\t\t\t<\/div>\n\t\t<\/section>\n\t\t\t\t<\/div>\n\t\t","protected":false},"excerpt":{"rendered":"<p>V\u00c5R STORY STARKA TILLSAMMANS Egenskaperna och personlighetsprofilerna hos Team TimeOut entrepren\u00f6rsduo kompletterar varandra v\u00e4l. De har olika styrkor och perspektiv p\u00e5 olika omr\u00e5den, men en gemensam och s\u00e4ker v\u00e4rdebas f\u00f6r aff\u00e4rsverksamheten. F\u00f6respr\u00e5kare f\u00f6r ett h\u00e5llbart arbetsliv Ibland i livet \u00e4r det n\u00f6dv\u00e4ndigt att ta en paus, en traditionell timeout. I b\u00e4sta fall erbjuder stunden f\u00f6r [&hellip;]<\/p>\n","protected":false},"author":1,"featured_media":0,"parent":0,"menu_order":0,"comment_status":"closed","ping_status":"closed","template":"elementor_header_footer","meta":{"_themeisle_gutenberg_block_has_review":false,"footnotes":""},"class_list":["post-2078","page","type-page","status-publish","hentry"],"_links":{"self":[{"href":"https:\/\/www.teamtimeout.fi\/sv\/wp-json\/wp\/v2\/pages\/2078","targetHints":{"allow":["GET"]}}],"collection":[{"href":"https:\/\/www.teamtimeout.fi\/sv\/wp-json\/wp\/v2\/pages"}],"about":[{"href":"https:\/\/www.teamtimeout.fi\/sv\/wp-json\/wp\/v2\/types\/page"}],"author":[{"embeddable":true,"href":"https:\/\/www.teamtimeout.fi\/sv\/wp-json\/wp\/v2\/users\/1"}],"replies":[{"embeddable":true,"href":"https:\/\/www.teamtimeout.fi\/sv\/wp-json\/wp\/v2\/comments?post=2078"}],"version-history":[{"count":24,"href":"https:\/\/www.teamtimeout.fi\/sv\/wp-json\/wp\/v2\/pages\/2078\/revisions"}],"predecessor-version":[{"id":2773,"href":"https:\/\/www.teamtimeout.fi\/sv\/wp-json\/wp\/v2\/pages\/2078\/revisions\/2773"}],"wp:attachment":[{"href":"https:\/\/www.teamtimeout.fi\/sv\/wp-json\/wp\/v2\/media?parent=2078"}],"curies":[{"name":"wp","href":"https:\/\/api.w.org\/{rel}","templated":true}]}}